{"id":3700,"date":"2025-06-30T17:49:14","date_gmt":"2025-06-30T17:49:14","guid":{"rendered":"https:\/\/ritualcoffeebar.com\/?page_id=3700"},"modified":"2025-07-01T21:03:08","modified_gmt":"2025-07-01T21:03:08","slug":"events","status":"publish","type":"page","link":"https:\/\/ritualcoffeebar.com\/es\/events\/","title":{"rendered":"Eventos"},"content":{"rendered":"<p>[et_pb_section fb_built=&#8221;1&#8243; admin_label=&#8221;Header&#8221; _builder_version=&#8221;4.27.4&#8243; background_color=&#8221;#23211D&#8221; use_background_color_gradient=&#8221;on&#8221; background_color_gradient_direction=&#8221;90deg&#8221; background_color_gradient_stops=&#8221;rgba(0,0,0,0.75) 0%|rgba(0,0,0,0) 100%&#8221; background_color_gradient_overlays_image=&#8221;on&#8221; background_color_gradient_start=&#8221;rgba(0,0,0,0.75)&#8221; background_color_gradient_end=&#8221;rgba(0,0,0,0)&#8221; background_image=&#8221;https:\/\/ritualcoffeebar.com\/wp-content\/uploads\/2025\/07\/espresso-with-milk.webp&#8221; module_alignment=&#8221;center&#8221; custom_padding=&#8221;0px||1px|0px|false|false&#8221; bottom_divider_height=&#8221;22px&#8221; bottom_divider_repeat=&#8221;20x&#8221; box_shadow_style=&#8221;preset7&#8243; box_shadow_color=&#8221;#1b1d20&#8243; box_shadow_horizontal_tablet=&#8221;0vw&#8221; box_shadow_horizontal_phone=&#8221;0vw&#8221; box_shadow_horizontal_last_edited=&#8221;on|tablet&#8221; locked=&#8221;off&#8221; global_colors_info=&#8221;{}&#8221;][et_pb_row custom_padding_last_edited=&#8221;on|desktop&#8221; _builder_version=&#8221;4.27.4&#8243; max_width=&#8221;1180px&#8221; custom_margin=&#8221;||80px||false|false&#8221; custom_padding=&#8221;12vw|50px|0px|50px|false|true&#8221; custom_padding_tablet=&#8221;12vw||||false|true&#8221; custom_padding_phone=&#8221;20vw||||false|false&#8221; border_color_all=&#8221;#e94558&#8243; border_width_left=&#8221;2px&#8221; border_color_left=&#8221;#EFD9B4&#8243; border_width_left_tablet=&#8221;2px&#8221; border_width_left_phone=&#8221;2px&#8221; border_width_left_last_edited=&#8221;on|phone&#8221; global_colors_info=&#8221;{}&#8221;][et_pb_column type=&#8221;4_4&#8243; _builder_version=&#8221;4.16&#8243; global_colors_info=&#8221;{}&#8221;][et_pb_text _builder_version=&#8221;4.27.4&#8243; header_font=&#8221;&#8211;et_global_heading_font|900||on|||||&#8221; header_font_size=&#8221;103px&#8221; header_4_font=&#8221;&#8211;et_global_heading_font||||||||&#8221; header_4_text_color=&#8221;#EFD9B4&#8243; header_4_font_size=&#8221;24px&#8221; background_layout=&#8221;dark&#8221; header_font_size_tablet=&#8221;80px&#8221; header_font_size_phone=&#8221;40px&#8221; header_font_size_last_edited=&#8221;on|desktop&#8221; header_4_font_size_tablet=&#8221;20px&#8221; header_4_font_size_phone=&#8221;16px&#8221; header_4_font_size_last_edited=&#8221;on|phone&#8221; global_colors_info=&#8221;{}&#8221;]<\/p>\n<h4>Nuestros<\/h4>\n<h1>Eventos<\/h1>\n<p>[\/et_pb_text][\/et_pb_column][\/et_pb_row][\/et_pb_section][et_pb_section fb_built=&#8221;1&#8243; admin_label=&#8221;Events&#8221; _builder_version=&#8221;4.27.4&#8243; background_color=&#8221;#23211D&#8221; custom_padding=&#8221;||120px|||&#8221; top_divider_height=&#8221;15px&#8221; top_divider_repeat=&#8221;10x&#8221; global_colors_info=&#8221;{}&#8221;][et_pb_row column_structure=&#8221;1_2,1_2&#8243; _builder_version=&#8221;4.27.4&#8243; border_width_bottom=&#8221;2px&#8221; border_color_bottom=&#8221;#EFD9B4&#8243; global_colors_info=&#8221;{}&#8221;][et_pb_column type=&#8221;1_2&#8243; _builder_version=&#8221;4.16&#8243; global_colors_info=&#8221;{}&#8221;][et_pb_text _builder_version=&#8221;4.27.4&#8243; text_font=&#8221;&#8211;et_global_body_font|600|||||||&#8221; text_text_color=&#8221;#EFD9B4&#8243; text_line_height=&#8221;1.8em&#8221; header_3_font=&#8221;&#8211;et_global_heading_font|900||on|||||&#8221; header_3_text_color=&#8221;#EFD9B4&#8243; header_3_font_size=&#8221;50px&#8221; header_3_line_height=&#8221;1.2em&#8221; header_5_font=&#8221;&#8211;et_global_heading_font||||||||&#8221; header_5_text_color=&#8221;#9B7774&#8243; background_layout=&#8221;dark&#8221; custom_margin=&#8221;||4px|||&#8221; header_3_font_size_tablet=&#8221;40px&#8221; header_3_font_size_phone=&#8221;30px&#8221; header_3_font_size_last_edited=&#8221;on|phone&#8221; header_5_font_size_tablet=&#8221;20px&#8221; header_5_font_size_phone=&#8221;14px&#8221; header_5_font_size_last_edited=&#8221;on|phone&#8221; locked=&#8221;off&#8221; global_colors_info=&#8221;{}&#8221;]<\/p>\n<h5>Programaci\u00f3n<\/h5>\n<h3>Arte &amp; Caf\u00e9<\/h3>\n<p>[\/et_pb_text][et_pb_text _builder_version=&#8221;4.27.4&#8243; _module_preset=&#8221;default&#8221; text_text_color=&#8221;#FFFFFF&#8221; text_font_size=&#8221;17px&#8221; custom_padding=&#8221;||10px||false|false&#8221; border_color_bottom=&#8221;#EFD9B4&#8243; global_colors_info=&#8221;{}&#8221;]<\/p>\n<p><strong data-start=\"761\" data-end=\"795\">Donde la creatividad cobra vida<br \/><\/strong>Nuestra cafeter\u00eda se convierte en un lienzo para artistas visuales, escritores y creativos. Desde pintura e ilustraci\u00f3n en vivo hasta momentos creativos espont\u00e1neos, el arte fluye con el aroma del caf\u00e9 reci\u00e9n hecho.<\/p>\n<p>[\/et_pb_text][\/et_pb_column][et_pb_column type=&#8221;1_2&#8243; _builder_version=&#8221;4.16&#8243; global_colors_info=&#8221;{}&#8221;][et_pb_text _builder_version=&#8221;4.27.4&#8243; text_font=&#8221;&#8211;et_global_body_font|600|||||||&#8221; text_text_color=&#8221;#EFD9B4&#8243; text_line_height=&#8221;1.8em&#8221; header_3_font=&#8221;&#8211;et_global_heading_font|900||on|||||&#8221; header_3_text_color=&#8221;#EFD9B4&#8243; header_3_font_size=&#8221;50px&#8221; header_3_line_height=&#8221;1.2em&#8221; header_5_font=&#8221;&#8211;et_global_heading_font||||||||&#8221; header_5_text_color=&#8221;#9B7774&#8243; background_layout=&#8221;dark&#8221; custom_margin=&#8221;||4px|||&#8221; header_3_font_size_tablet=&#8221;40px&#8221; header_3_font_size_phone=&#8221;30px&#8221; header_3_font_size_last_edited=&#8221;on|phone&#8221; header_5_font_size_tablet=&#8221;20px&#8221; header_5_font_size_phone=&#8221;14px&#8221; header_5_font_size_last_edited=&#8221;on|phone&#8221; locked=&#8221;off&#8221; global_colors_info=&#8221;{}&#8221;]<\/p>\n<h5>Programaci\u00f3n<\/h5>\n<h3>M\u00fasica en Vivo<\/h3>\n<p>[\/et_pb_text][et_pb_text _builder_version=&#8221;4.27.4&#8243; _module_preset=&#8221;default&#8221; text_text_color=&#8221;#FFFFFF&#8221; text_font_size=&#8221;17px&#8221; custom_padding=&#8221;||10px||false|false&#8221; border_color_bottom=&#8221;#EFD9B4&#8243; global_colors_info=&#8221;{}&#8221;]<\/p>\n<p><strong data-start=\"761\" data-end=\"795\">Sonidos que elevan tu ritual<br \/><\/strong>Disfruta sesiones ac\u00fasticas, jazz suave, playlists curadas e instrumentos del mundo. En Ritual, la m\u00fasica no es solo fondo: es una capa sensorial que profundiza tu experiencia con cada sorbo.<\/p>\n<p>[\/et_pb_text][\/et_pb_column][\/et_pb_row][et_pb_row column_structure=&#8221;1_2,1_2&#8243; _builder_version=&#8221;4.27.4&#8243; border_width_bottom=&#8221;2px&#8221; border_color_bottom=&#8221;#EFD9B4&#8243; global_colors_info=&#8221;{}&#8221;][et_pb_column type=&#8221;1_2&#8243; _builder_version=&#8221;4.16&#8243; global_colors_info=&#8221;{}&#8221;][et_pb_text _builder_version=&#8221;4.27.4&#8243; text_font=&#8221;&#8211;et_global_body_font|600|||||||&#8221; text_text_color=&#8221;#EFD9B4&#8243; text_line_height=&#8221;1.8em&#8221; header_3_font=&#8221;&#8211;et_global_heading_font|900||on|||||&#8221; header_3_text_color=&#8221;#EFD9B4&#8243; header_3_font_size=&#8221;50px&#8221; header_3_line_height=&#8221;1.2em&#8221; header_5_font=&#8221;&#8211;et_global_heading_font||||||||&#8221; header_5_text_color=&#8221;#9B7774&#8243; background_layout=&#8221;dark&#8221; custom_margin=&#8221;||4px|||&#8221; header_3_font_size_tablet=&#8221;40px&#8221; header_3_font_size_phone=&#8221;30px&#8221; header_3_font_size_last_edited=&#8221;on|phone&#8221; header_5_font_size_tablet=&#8221;20px&#8221; header_5_font_size_phone=&#8221;14px&#8221; header_5_font_size_last_edited=&#8221;on|phone&#8221; locked=&#8221;off&#8221; global_colors_info=&#8221;{}&#8221;]<\/p>\n<h5>Programaci\u00f3n<\/h5>\n<h3>Bienestar &amp; Mindfulness<\/h3>\n<p>[\/et_pb_text][et_pb_text _builder_version=&#8221;4.27.4&#8243; _module_preset=&#8221;default&#8221; text_text_color=&#8221;#FFFFFF&#8221; text_font_size=&#8221;17px&#8221; custom_padding=&#8221;||10px||false|false&#8221; border_color_bottom=&#8221;#EFD9B4&#8243; global_colors_info=&#8221;{}&#8221;]<\/p>\n<p><strong data-start=\"761\" data-end=\"795\">Un espacio para reconectar contigo<br \/><\/strong>Organizamos eventos comunitarios como yoga matutino, meditaciones guiadas, charlas de bienestar y rituales conscientes con caf\u00e9. Estas experiencias ayudan a desacelerar, volver al cuerpo y apreciar la belleza del momento presente.<\/p>\n<p>[\/et_pb_text][\/et_pb_column][et_pb_column type=&#8221;1_2&#8243; _builder_version=&#8221;4.16&#8243; global_colors_info=&#8221;{}&#8221;][et_pb_text _builder_version=&#8221;4.27.4&#8243; text_font=&#8221;&#8211;et_global_body_font|600|||||||&#8221; text_text_color=&#8221;#EFD9B4&#8243; text_line_height=&#8221;1.8em&#8221; header_3_font=&#8221;&#8211;et_global_heading_font|900||on|||||&#8221; header_3_text_color=&#8221;#EFD9B4&#8243; header_3_font_size=&#8221;50px&#8221; header_3_line_height=&#8221;1.2em&#8221; header_5_font=&#8221;&#8211;et_global_heading_font||||||||&#8221; header_5_text_color=&#8221;#9B7774&#8243; background_layout=&#8221;dark&#8221; custom_margin=&#8221;||4px|||&#8221; header_3_font_size_tablet=&#8221;40px&#8221; header_3_font_size_phone=&#8221;30px&#8221; header_3_font_size_last_edited=&#8221;on|phone&#8221; header_5_font_size_tablet=&#8221;20px&#8221; header_5_font_size_phone=&#8221;14px&#8221; header_5_font_size_last_edited=&#8221;on|phone&#8221; locked=&#8221;off&#8221; global_colors_info=&#8221;{}&#8221;]<\/p>\n<h5>Programaci\u00f3n<\/h5>\n<h3>Experiencias Sensoriales<\/h3>\n<p>[\/et_pb_text][et_pb_text _builder_version=&#8221;4.27.4&#8243; _module_preset=&#8221;default&#8221; text_text_color=&#8221;#FFFFFF&#8221; text_font_size=&#8221;17px&#8221; custom_padding=&#8221;||10px||false|false&#8221; border_color_bottom=&#8221;#EFD9B4&#8243; global_colors_info=&#8221;{}&#8221;]<strong data-start=\"761\" data-end=\"795\">Sabores, aromas y descubrimiento<br \/>\n<\/strong>Explore the world of specialty coffee through cupping sessions, origin stories, and manual brew rituals. Led by our expert baristas, these events are designed for curious palates and open minds.[\/et_pb_text][\/et_pb_column][\/et_pb_row][\/et_pb_section][et_pb_section fb_built=&#8221;1&#8243; admin_label=&#8221;Subscribe&#8221; _builder_version=&#8221;4.27.4&#8243; use_background_color_gradient=&#8221;on&#8221; background_color_gradient_direction=&#8221;0deg&#8221; background_color_gradient_stops=&#8221;rgba(239,217,180,0.19) 33%|rgba(0,0,0,0) 100%&#8221; background_color_gradient_overlays_image=&#8221;on&#8221; background_color_gradient_start=&#8221;rgba(0,0,0,0.95)&#8221; background_color_gradient_start_position=&#8221;34%&#8221; background_color_gradient_end=&#8221;rgba(0,0,0,0)&#8221; background_image=&#8221;https:\/\/ritualcoffeebar.com\/wp-content\/uploads\/2025\/06\/Breakfast-New-York.webp&#8221; custom_padding=&#8221;10vw||10vw||true|false&#8221; global_colors_info=&#8221;{}&#8221;][et_pb_row _builder_version=&#8221;4.27.4&#8243; background_color=&#8221;#EFD9B4&#8243; border_radii=&#8221;on|20px|20px|20px|20px&#8221; box_shadow_style=&#8221;preset2&#8243; global_colors_info=&#8221;{}&#8221;][et_pb_column type=&#8221;4_4&#8243; _builder_version=&#8221;4.16&#8243; global_colors_info=&#8221;{}&#8221;][et_pb_text _builder_version=&#8221;4.27.4&#8243; text_font=&#8221;&#8211;et_global_body_font|600|||||||&#8221; text_text_color=&#8221;#EFD9B4&#8243; text_line_height=&#8221;1.8em&#8221; header_3_font=&#8221;&#8211;et_global_heading_font|900||on|||||&#8221; header_3_text_align=&#8221;center&#8221; header_3_text_color=&#8221;#B2341A&#8221; header_3_font_size=&#8221;50px&#8221; header_3_line_height=&#8221;1.2em&#8221; header_5_font=&#8221;&#8211;et_global_heading_font||||||||&#8221; header_5_text_align=&#8221;center&#8221; header_5_text_color=&#8221;#9B7774&#8243; background_layout=&#8221;dark&#8221; custom_margin=&#8221;||4px|||&#8221; header_3_font_size_tablet=&#8221;40px&#8221; header_3_font_size_phone=&#8221;30px&#8221; header_3_font_size_last_edited=&#8221;on|phone&#8221; header_5_font_size_tablet=&#8221;20px&#8221; header_5_font_size_phone=&#8221;14px&#8221; header_5_font_size_last_edited=&#8221;on|phone&#8221; locked=&#8221;off&#8221; global_colors_info=&#8221;{}&#8221;]<\/p>\n<h3>Bienestar &amp; Mindfulness<\/h3>\n<p>[\/et_pb_text][et_pb_text content_tablet=&#8221;<\/p>\n<p style=\"%22text-align:\" center;%22><strong>Un espacio que se adapta a tu visi\u00f3n<\/strong><\/p>\n<p>\u00bfBuscas un espacio acogedor e inspirador? Ritual est\u00e1 disponible para reuniones privadas, activaciones de marca, colectivos art\u00edsticos, c\u00edrculos de bienestar, eventos sin fines de lucro o eventos tem\u00e1ticos temporales. Creemos algo hermoso juntos.<\/p>\n<p>&#8221; content_phone=&#8221;<\/p>\n<p style=\"%22text-align:\" center;%22><strong>Un espacio que se adapta a tu visi\u00f3n<\/strong><\/p>\n<p>\u00bfBuscas un espacio acogedor e inspirador? Ritual est\u00e1 disponible para reuniones privadas, activaciones de marca, colectivos art\u00edsticos, c\u00edrculos de bienestar, eventos sin fines de lucro o eventos tem\u00e1ticos temporales. Creemos algo hermoso juntos.<\/p>\n<p>&#8221; content_last_edited=&#8221;on|phone&#8221; _builder_version=&#8221;4.27.4&#8243; text_font=&#8221;&#8211;et_global_body_font||||||||&#8221; text_text_color=&#8221;#23211D&#8221; text_font_size=&#8221;18px&#8221; text_line_height=&#8221;1em&#8221; header_3_font=&#8221;&#8211;et_global_heading_font|900||on|||||&#8221; header_3_text_align=&#8221;center&#8221; header_3_text_color=&#8221;#B2341A&#8221; header_3_font_size=&#8221;50px&#8221; header_3_line_height=&#8221;1.2em&#8221; header_5_font=&#8221;&#8211;et_global_heading_font||||||||&#8221; header_5_text_align=&#8221;center&#8221; header_5_text_color=&#8221;#9B7774&#8243; background_layout=&#8221;dark&#8221; custom_margin=&#8221;||4px|||&#8221; custom_padding=&#8221;|40px||40px|false|true&#8221; custom_padding_tablet=&#8221;|40px||40px|false|true&#8221; custom_padding_phone=&#8221;|20px||20px|false|true&#8221; custom_padding_last_edited=&#8221;on|phone&#8221; hover_enabled=&#8221;0&#8243; header_3_font_size_tablet=&#8221;40px&#8221; header_3_font_size_phone=&#8221;30px&#8221; header_3_font_size_last_edited=&#8221;on|phone&#8221; header_5_font_size_tablet=&#8221;20px&#8221; header_5_font_size_phone=&#8221;14px&#8221; header_5_font_size_last_edited=&#8221;on|phone&#8221; locked=&#8221;off&#8221; global_colors_info=&#8221;{}&#8221; sticky_enabled=&#8221;0&#8243;]<\/p>\n<p style=\"text-align: center;\"><strong>Un espacio que se adapta a tu visi\u00f3n<\/strong><\/p>\n<p>\u00bfBuscas un espacio acogedor e inspirador? Ritual Coffee Bar est\u00e1 disponible para reuniones privadas, activaciones de marca, colectivos art\u00edsticos, c\u00edrculos de bienestar, eventos sin fines de lucro o eventos tem\u00e1ticos temporales. \u00a1Creemos algo hermoso juntos!<\/p>\n<p>[\/et_pb_text][\/et_pb_column][\/et_pb_row][\/et_pb_section]<\/p>","protected":false},"excerpt":{"rendered":"<p>Our EventsEvent programming Art &amp; CoffeeWhere creativity comes to lifeOur coffee bar becomes a canvas for visual artists, writers, and creatives. From live painting and illustration to spontaneous creative moments, art flows alongside the aroma of freshly brewed coffee.Event programming Live MusicSounds that elevate your ritualEnjoy acoustic sessions, soft jazz, curated playlists, and world instruments. [&hellip;]<\/p>","protected":false},"author":1,"featured_media":0,"parent":0,"menu_order":0,"comment_status":"closed","ping_status":"closed","template":"","meta":{"_et_pb_use_builder":"on","_et_pb_old_content":"","_et_gb_content_width":"","footnotes":""},"class_list":["post-3700","page","type-page","status-publish","hentry"],"_links":{"self":[{"href":"https:\/\/ritualcoffeebar.com\/es\/wp-json\/wp\/v2\/pages\/3700","targetHints":{"allow":["GET"]}}],"collection":[{"href":"https:\/\/ritualcoffeebar.com\/es\/wp-json\/wp\/v2\/pages"}],"about":[{"href":"https:\/\/ritualcoffeebar.com\/es\/wp-json\/wp\/v2\/types\/page"}],"author":[{"embeddable":true,"href":"https:\/\/ritualcoffeebar.com\/es\/wp-json\/wp\/v2\/users\/1"}],"replies":[{"embeddable":true,"href":"https:\/\/ritualcoffeebar.com\/es\/wp-json\/wp\/v2\/comments?post=3700"}],"version-history":[{"count":14,"href":"https:\/\/ritualcoffeebar.com\/es\/wp-json\/wp\/v2\/pages\/3700\/revisions"}],"predecessor-version":[{"id":3725,"href":"https:\/\/ritualcoffeebar.com\/es\/wp-json\/wp\/v2\/pages\/3700\/revisions\/3725"}],"wp:attachment":[{"href":"https:\/\/ritualcoffeebar.com\/es\/wp-json\/wp\/v2\/media?parent=3700"}],"curies":[{"name":"wp","href":"https:\/\/api.w.org\/{rel}","templated":true}]}}